{"id":1766,"date":"2021-07-19T18:36:13","date_gmt":"2021-07-19T18:36:13","guid":{"rendered":"https:\/\/maharlikaship.com\/?page_id=1766"},"modified":"2021-07-27T07:00:13","modified_gmt":"2021-07-27T07:00:13","slug":"productos","status":"publish","type":"page","link":"https:\/\/maharlikaship.com\/es\/productos\/","title":{"rendered":"Productos"},"content":{"rendered":"<p>[vc_row][vc_column][vc_column_text]<\/p>\n<p style=\"text-align: justify;\">Mantenemos una alta calidad de productos que compiten con las mejores empresas con mano de obra calificada que entregan sus suministros de manera cuidadosa y eficiente en cualquier puerto de Per\u00fa, y siguen siendo competitivos con nuestros precios ofrecidos.<\/p>\n<p style=\"text-align: justify;\">Aseguramos un suministro fresco de los productos frescos, las frutas y verduras de temporada, compramos todo el d\u00eda de la entrega. Tambi\u00e9n nos aseguramos de que nuestros productos est\u00e9n correctamente embalados y etiquetados.<\/p>\n<p>[\/vc_column_text][\/vc_column][\/vc_row][vc_row][vc_column][vc_empty_space][\/vc_column][\/vc_row][vc_row][vc_column width=\u00bb1\/3&#8243;][vc_custom_heading text=\u00bbProductos Asi\u00e1ticos e Internacionales\u00bb font_container=\u00bbtag:h2|font_size:14px|text_align:center\u00bb use_theme_fonts=\u00bbyes\u00bb][vc_gallery interval=\u00bb3&#8243; images=\u00bb2101,2104&#8243; img_size=\u00bbfull\u00bb css_animation=\u00bbfadeIn\u00bb][\/vc_column][vc_column width=\u00bb1\/3&#8243;][vc_custom_heading text=\u00bbFrutas y Vegetales\u00bb font_container=\u00bbtag:h2|font_size:14px|text_align:center\u00bb use_theme_fonts=\u00bbyes\u00bb][vc_gallery interval=\u00bb3&#8243; images=\u00bb2107,2110&#8243; img_size=\u00bbfull\u00bb css_animation=\u00bbfadeIn\u00bb][\/vc_column][vc_column width=\u00bb1\/3&#8243;][vc_custom_heading text=\u00bbVegetales Asi\u00e1ticos\u00bb font_container=\u00bbtag:h2|font_size:14px|text_align:center\u00bb use_theme_fonts=\u00bbyes\u00bb][vc_gallery interval=\u00bb3&#8243; images=\u00bb2114,2117&#8243; img_size=\u00bbfull\u00bb css_animation=\u00bbfadeIn\u00bb][\/vc_column][\/vc_row][vc_row][vc_column][vc_empty_space][\/vc_column][\/vc_row][vc_row][vc_column width=\u00bb1\/3&#8243;][vc_custom_heading text=\u00bbVegetal Local\u00bb font_container=\u00bbtag:h2|font_size:14px|text_align:center\u00bb use_theme_fonts=\u00bbyes\u00bb][vc_gallery interval=\u00bb3&#8243; images=\u00bb2121,2124&#8243; img_size=\u00bbfull\u00bb css_animation=\u00bbfadeIn\u00bb][\/vc_column][vc_column width=\u00bb1\/3&#8243;][vc_custom_heading text=\u00bbFrutas\u00bb font_container=\u00bbtag:h2|font_size:14px|text_align:center\u00bb use_theme_fonts=\u00bbyes\u00bb][vc_gallery interval=\u00bb3&#8243; images=\u00bb2127,2130&#8243; img_size=\u00bbfull\u00bb css_animation=\u00bbfadeIn\u00bb][\/vc_column][vc_column width=\u00bb1\/3&#8243;][vc_custom_heading text=\u00bbFrutas de Temporada\u00bb font_container=\u00bbtag:h2|font_size:14px|text_align:center\u00bb use_theme_fonts=\u00bbyes\u00bb][vc_gallery interval=\u00bb3&#8243; images=\u00bb2134,2137&#8243; img_size=\u00bbfull\u00bb css_animation=\u00bbfadeIn\u00bb][\/vc_column][\/vc_row][vc_row][vc_column width=\u00bb1\/3&#8243;][vc_custom_heading text=\u00bbCarnes\u00bb font_container=\u00bbtag:h2|font_size:14px|text_align:center\u00bb use_theme_fonts=\u00bbyes\u00bb][vc_gallery interval=\u00bb3&#8243; images=\u00bb2141,2144&#8243; img_size=\u00bbfull\u00bb css_animation=\u00bbfadeIn\u00bb][\/vc_column][vc_column width=\u00bb1\/3&#8243;][vc_custom_heading text=\u00bbMariscos\u00bb font_container=\u00bbtag:h2|font_size:14px|text_align:center\u00bb use_theme_fonts=\u00bbyes\u00bb][vc_gallery interval=\u00bb3&#8243; images=\u00bb2148,2151&#8243; img_size=\u00bbfull\u00bb css_animation=\u00bbfadeIn\u00bb][\/vc_column][vc_column width=\u00bb1\/3&#8243;][vc_custom_heading text=\u00bbProductos Secos\u00bb font_container=\u00bbtag:h2|font_size:14px|text_align:center\u00bb use_theme_fonts=\u00bbyes\u00bb][vc_gallery interval=\u00bb3&#8243; images=\u00bb2155,2158,2161&#8243; img_size=\u00bbfull\u00bb css_animation=\u00bbfadeIn\u00bb][\/vc_column][\/vc_row][vc_row][vc_column][vc_empty_space][\/vc_column][\/vc_row][vc_row][vc_column width=\u00bb1\/3&#8243;][vc_custom_heading text=\u00bbProductos Enlatados\u00bb font_container=\u00bbtag:h2|font_size:14px|text_align:center\u00bb use_theme_fonts=\u00bbyes\u00bb][vc_gallery interval=\u00bb3&#8243; images=\u00bb2165,2168&#8243; img_size=\u00bbfull\u00bb css_animation=\u00bbfadeIn\u00bb][\/vc_column][vc_column width=\u00bb1\/3&#8243;][vc_custom_heading text=\u00bbArt\u00edculos Embotellados\u00bb font_container=\u00bbtag:h2|font_size:14px|text_align:center\u00bb use_theme_fonts=\u00bbyes\u00bb][vc_gallery interval=\u00bb3&#8243; images=\u00bb2172,2175,2178&#8243; img_size=\u00bbfull\u00bb css_animation=\u00bbfadeIn\u00bb][\/vc_column][vc_column width=\u00bb1\/3&#8243;][vc_custom_heading text=\u00bbL\u00e1cteos\/Deli\u00bb font_container=\u00bbtag:h2|font_size:14px|text_align:center\u00bb use_theme_fonts=\u00bbyes\u00bb][vc_gallery interval=\u00bb3&#8243; images=\u00bb2181,2184,2187&#8243; img_size=\u00bbfull\u00bb css_animation=\u00bbfadeIn\u00bb][\/vc_column][\/vc_row][vc_row][vc_column][vc_empty_space][\/vc_column][\/vc_row]<\/p>\n","protected":false},"excerpt":{"rendered":"<p>[vc_row][vc_column][vc_column_text] Mantenemos una alta calidad de productos que compiten con las mejores empresas con mano de obra calificada que entregan sus suministros de manera cuidadosa y eficiente en cualquier puerto de Per\u00fa, y siguen siendo competitivos con nuestros precios ofrecidos. Aseguramos un suministro fresco de los productos frescos, las frutas y verduras de temporada, compramos &hellip; <a href=\"https:\/\/maharlikaship.com\/es\/productos\/\" class=\"more-link\">Continue reading <span class=\"screen-reader-text\">Productos<\/span><\/a><\/p>\n","protected":false},"author":1,"featured_media":0,"parent":0,"menu_order":0,"comment_status":"closed","ping_status":"closed","template":"","meta":{"footnotes":""},"class_list":["post-1766","page","type-page","status-publish","hentry"],"_links":{"self":[{"href":"https:\/\/maharlikaship.com\/es\/wp-json\/wp\/v2\/pages\/1766","targetHints":{"allow":["GET"]}}],"collection":[{"href":"https:\/\/maharlikaship.com\/es\/wp-json\/wp\/v2\/pages"}],"about":[{"href":"https:\/\/maharlikaship.com\/es\/wp-json\/wp\/v2\/types\/page"}],"author":[{"embeddable":true,"href":"https:\/\/maharlikaship.com\/es\/wp-json\/wp\/v2\/users\/1"}],"replies":[{"embeddable":true,"href":"https:\/\/maharlikaship.com\/es\/wp-json\/wp\/v2\/comments?post=1766"}],"version-history":[{"count":20,"href":"https:\/\/maharlikaship.com\/es\/wp-json\/wp\/v2\/pages\/1766\/revisions"}],"predecessor-version":[{"id":2191,"href":"https:\/\/maharlikaship.com\/es\/wp-json\/wp\/v2\/pages\/1766\/revisions\/2191"}],"wp:attachment":[{"href":"https:\/\/maharlikaship.com\/es\/wp-json\/wp\/v2\/media?parent=1766"}],"curies":[{"name":"wp","href":"https:\/\/api.w.org\/{rel}","templated":true}]}}