{"id":1764,"date":"2021-07-19T18:35:46","date_gmt":"2021-07-19T18:35:46","guid":{"rendered":"https:\/\/maharlikaship.com\/?page_id=1764"},"modified":"2021-07-22T07:11:24","modified_gmt":"2021-07-22T07:11:24","slug":"nosotros","status":"publish","type":"page","link":"https:\/\/maharlikaship.com\/es\/nosotros\/","title":{"rendered":"Nosotros"},"content":{"rendered":"<p>[vc_row][vc_column width=\u00bb1\/2&#8243;][vc_column_text]<\/p>\n<p style=\"text-align: justify;\">Las ideas y visiones de los j\u00f3venes emprendedores, la mentalidad de la generaci\u00f3n milenaria, son el alma de esta empresa. La integraci\u00f3n de una cultura asi\u00e1tica y la tradici\u00f3n peruana, combinando hacia un excelente servicio en la industria con un filipino hospitalario y trabajador y los productos peruanos.<\/p>\n<p style=\"text-align: left;\">Nuestro objetivo es crear el nombre de una generaci\u00f3n joven en la demanda competitiva del mercado global en la industria y los campos mar\u00edtimos.<\/p>\n<p style=\"text-align: justify;\">La palabra \u00abMaharlika\u00bb, una antigua palabra tagalo, para dilucidar a\u00fan m\u00e1s el significado de Maharlika en el antiguo idioma tagalo, la clase Maharlika sirvi\u00f3 como vasallos guerreros de su datu y se les exigi\u00f3 que proporcionar\u00e1n servicio militar y armas en tiempos de guerra en su momento. gastos propios, a cambio de una parte del bot\u00edn de la batalla por el cual un quinto fue al Maginoo o clase real y cuatro quintos al Maharlika que comparti\u00f3 el bot\u00edn con sus propios guerreros.<\/p>\n<p style=\"text-align: justify;\">Sin embargo, en el filipino moderno, el t\u00e9rmino ha llegado a significar \u00abnobleza real\u00bb, que en realidad estaba restringida a la clase hereditaria Maginoo.<\/p>\n<p>[\/vc_column_text][\/vc_column][vc_column width=\u00bb1\/2&#8243;][vc_single_image image=\u00bb1801&#8243; img_size=\u00bbfull\u00bb alignment=\u00bbcenter\u00bb css_animation=\u00bbbounceIn\u00bb][\/vc_column][\/vc_row][vc_row][vc_column][vc_empty_space][vc_custom_heading text=\u00bbFilosof\u00eda\u00bb font_container=\u00bbtag:h2|text_align:center\u00bb use_theme_fonts=\u00bbyes\u00bb css_animation=\u00bbbounceIn\u00bb][vc_column_text]<\/p>\n<p style=\"text-align: justify;\">Creemos que en cada transacci\u00f3n, grande o peque\u00f1a, podemos manejarla impulsada con profesionalismo. Podemos hacer las cosas en el momento correcto y de la manera correcta. Estamos comprometidos con todos el valor de nuestra mano de obra, para proporcionar a nuestros clientes o clientes un servicio excelente.<\/p>\n<p style=\"text-align: center;\"><strong>*AL SERVICIO DE LOS MEJORES*<\/strong><\/p>\n<p style=\"text-align: center;\">Estamos disponibles 24\/7, con un personal multiling\u00fce y sociable comprometido a brindarle la mejor calidad de servicio.<\/p>\n<p>[\/vc_column_text][\/vc_column][\/vc_row][vc_row][vc_column width=\u00bb1\/2&#8243;][vc_hoverbox image=\u00bb1905&#8243; primary_title=\u00bbNuestra Visi\u00f3n\u00bb primary_title_font_container=\u00bbcolor:%23ffffff\u00bb primary_title_use_theme_fonts=\u00bbyes\u00bb hover_title=\u00bbNuestra Visi\u00f3n\u00bb shape=\u00bbsquare\u00bb use_custom_fonts_primary_title=\u00bbtrue\u00bb]<\/p>\n<p style=\"text-align: center;\"><strong>Brindamos un servicio integral y profesional a cada uno de nuestros clientes.<\/strong><\/p>\n<p>&#8211; Trabajando mano a mano con una comunicaci\u00f3n abierta desde el principio hasta el final, el alma y la columna vertebral de nuestra empresa.<br \/>\n&#8211; Ser confiable en todo momento y brindar soluciones.[\/vc_hoverbox][\/vc_column][vc_column width=\u00bb1\/2&#8243;][vc_hoverbox image=\u00bb1909&#8243; primary_title=\u00bbNuestra Misi\u00f3n\u00bb primary_title_font_container=\u00bbcolor:%23ffffff\u00bb primary_title_use_theme_fonts=\u00bbyes\u00bb hover_title=\u00bbNuestra Misi\u00f3n\u00bb shape=\u00bbsquare\u00bb use_custom_fonts_primary_title=\u00bbtrue\u00bb]<\/p>\n<p style=\"text-align: center;\">Continuando con la evoluci\u00f3n de una peque\u00f1a empresa a una gran empresa que ofrece servicios a nuestros clientes.<\/p>\n<p>[\/vc_hoverbox][\/vc_column][\/vc_row]<\/p>\n","protected":false},"excerpt":{"rendered":"<p>[vc_row][vc_column width=\u00bb1\/2&#8243;][vc_column_text] Las ideas y visiones de los j\u00f3venes emprendedores, la mentalidad de la generaci\u00f3n milenaria, son el alma de esta empresa. La integraci\u00f3n de una cultura asi\u00e1tica y la tradici\u00f3n peruana, combinando hacia un excelente servicio en la industria con un filipino hospitalario y trabajador y los productos peruanos. Nuestro objetivo es crear el &hellip; <a href=\"https:\/\/maharlikaship.com\/es\/nosotros\/\" class=\"more-link\">Continue reading <span class=\"screen-reader-text\">Nosotros<\/span><\/a><\/p>\n","protected":false},"author":1,"featured_media":0,"parent":0,"menu_order":0,"comment_status":"closed","ping_status":"closed","template":"","meta":{"footnotes":""},"class_list":["post-1764","page","type-page","status-publish","hentry"],"_links":{"self":[{"href":"https:\/\/maharlikaship.com\/es\/wp-json\/wp\/v2\/pages\/1764","targetHints":{"allow":["GET"]}}],"collection":[{"href":"https:\/\/maharlikaship.com\/es\/wp-json\/wp\/v2\/pages"}],"about":[{"href":"https:\/\/maharlikaship.com\/es\/wp-json\/wp\/v2\/types\/page"}],"author":[{"embeddable":true,"href":"https:\/\/maharlikaship.com\/es\/wp-json\/wp\/v2\/users\/1"}],"replies":[{"embeddable":true,"href":"https:\/\/maharlikaship.com\/es\/wp-json\/wp\/v2\/comments?post=1764"}],"version-history":[{"count":0,"href":"https:\/\/maharlikaship.com\/es\/wp-json\/wp\/v2\/pages\/1764\/revisions"}],"wp:attachment":[{"href":"https:\/\/maharlikaship.com\/es\/wp-json\/wp\/v2\/media?parent=1764"}],"curies":[{"name":"wp","href":"https:\/\/api.w.org\/{rel}","templated":true}]}}